{"id":2315,"date":"2021-11-19T23:03:03","date_gmt":"2021-11-19T22:03:03","guid":{"rendered":"http:\/\/povarmland.se\/wordpress\/?page_id=2315"},"modified":"2025-03-21T10:30:43","modified_gmt":"2025-03-21T09:30:43","slug":"hem","status":"publish","type":"page","link":"https:\/\/povarmland.se\/wordpress\/","title":{"rendered":"V\u00e4lkommen till PO V\u00e4rmland"},"content":{"rendered":"\n<h3 class=\"wp-block-heading\" id=\"h-Personligtombudarettstodfordigsomarover18arochharenpsykiskfunktionsnedsattningsomaromfattandeochlangvarig\">Personligt ombud \u00e4r ett st\u00f6d f\u00f6r dig som \u00e4r \u00f6ver 18 \u00e5r och har en psykisk funktionsneds\u00e4ttning som \u00e4r omfattande och l\u00e5ngvarig.<\/h3>\n\n\n\n<p>Personligt ombud riktar sig till dig som har sv\u00e5rt att f\u00e5 vardagen att fungera. <br \/>Verksamheten arbetar frist\u00e5ende fr\u00e5n myndigheter.<\/p>\n\n\n\n<p>Vi \u00e4r ingen akutverksamhet &#8211; om du \u00e4r i behov av akut hj\u00e4lp b\u00f6r du ringa kommunens socialjour eller <a href=\"https:\/\/www.1177.se\/Varmland\/hitta-vard\/kontaktkort\/Psykiatrisk-akutmottagning-Karlstad\/\" target=\"_blank\" rel=\"noreferrer noopener\">psykiatriska mottagningen i Karlstad<\/a> som har \u00f6ppet dygnet runt.<\/p>\n\n\n\n<p>Personligt ombud ska verka f\u00f6r att personer med psykisk funktionsneds\u00e4ttning ska f\u00e5 b\u00e4ttre livsvillkor. Det sker genom aktivt arbete med klienter samt \u00e5rsvis rapportering av systemfel och brister i samh\u00e4llet.  Dessutom redovisas brister och systemfel \u00e5rligen i en s\u00e5 kallad Erfarenhetsrapport.<\/p>\n\n\n\n<p><a href=\"http:\/\/povarmland.se\/wordpress\/wp-content\/uploads\/2025\/03\/Erfarenhetsrapport-2024.pdf\" data-type=\"URL\" data-id=\"http:\/\/povarmland.se\/wordpress\/wp-content\/uploads\/2023\/03\/Rapport-2022-Personligt-ombud-medbilder-1.pdf\">H\u00e4r kan du ta del av Erfarenhetsrapporten f\u00f6r 2024<\/a> <\/p>\n\n\n\n<p><\/p>\n\n\n\n<p>H\u00e4r kan du ta del av en film som \u00e4r kopplad till Erfarenhetsrapporten, en inblick i vad Personligt Ombud kan st\u00f6ta p\u00e5, en inblick i hur det kan se ut.<\/p>\n\n\n\n<iframe loading=\"lazy\" width=\"560\" height=\"315\" src=\"https:\/\/www.youtube-nocookie.com\/embed\/ULbvkKHBOq4\" title=\"YouTube video player\" frameborder=\"0\" allow=\"accelerometer; autoplay; clipboard-write; encrypted-media; gyroscope; picture-in-picture\" allowfullscreen=\"\"><\/iframe>\n\n\n\n<p><\/p>\n\n\n\n<p>\u00c4r du sj\u00e4lv i en situation d\u00e4r du g\u00e5r med tankar om att ta ditt eget liv som illustreras i filmen eller k\u00e4nner du n\u00e5gon som har s\u00e5na tankar, klicka p\u00e5 denna <a href=\"https:\/\/www.1177.se\/Varmland\/sjukdomar--besvar\/psykiska-sjukdomar-och-besvar\/sjalvmordstankar\/till-dig-som-har-sjalvmordstankar\/\">l\u00e4nk<\/a>, v\u00e5ga prata med n\u00e5gon, beh\u00e5ll det inte f\u00f6r dig sj\u00e4lv. \u00c4r situationen akut, det \u00e4r br\u00e5ttom, s\u00f6k d\u00e5 hj\u00e4lp p\u00e5 en <a href=\"https:\/\/www.1177.se\/Varmland\/hitta-vard\/?caretype=Psykiatrisk+akutmottagning&amp;nearby=true&amp;s=name\">psykiatrisk mottagning<\/a> eller ring 112.<\/p>\n\n\n\n<div style=\"height:72px\" aria-hidden=\"true\" class=\"wp-block-spacer\"><\/div>\n\n\n\n<div class=\"wp-block-columns are-vertically-aligned-center is-layout-flex wp-container-3\">\n<div class=\"wp-block-column is-vertically-aligned-center is-layout-flow\">\n<figure class=\"wp-block-image size-large is-resized\"><a href=\"http:\/\/povarmland.se\/wordpress\/tips-till-dig-som-behover-stod\/\"><img decoding=\"async\" loading=\"lazy\" src=\"http:\/\/povarmland.se\/wordpress\/wp-content\/uploads\/2021\/11\/Stod_Hander_Licensfribild_Pixabay.com_-630x420.jpg\" alt=\"\" class=\"wp-image-2486\" width=\"300\" height=\"164\"\/><\/a><\/figure>\n\n\n\n<h4 class=\"wp-block-heading\" id=\"tips-till-dig-som-behover-stod\">Tips till dig som beh\u00f6ver st\u00f6d<\/h4>\n\n\n\n<p><a href=\"http:\/\/povarmland.se\/wordpress\/tips-till-dig-som-behover-stod\/\">H\u00e4r<\/a> hittar du st\u00f6d och tips p\u00e5 bra l\u00e4nkar i fr\u00e5gor om ekonomi, bostad, arbete och syssels\u00e4ttning eller v\u00e5rd och omsorg.<\/p>\n<\/div>\n\n\n\n<div class=\"wp-block-column is-vertically-aligned-center is-layout-flow\"><div class=\"wp-block-image\">\n<figure class=\"aligncenter size-full\"><a href=\"http:\/\/povarmland.se\/wordpress\/om\/\"><img decoding=\"async\" loading=\"lazy\" width=\"282\" height=\"154\" src=\"http:\/\/povarmland.se\/wordpress\/wp-content\/uploads\/2010\/02\/cropped-personligt-ombud-logo.png\" alt=\"\" class=\"wp-image-1779\" srcset=\"https:\/\/povarmland.se\/wordpress\/wp-content\/uploads\/2010\/02\/cropped-personligt-ombud-logo.png 282w, https:\/\/povarmland.se\/wordpress\/wp-content\/uploads\/2010\/02\/cropped-personligt-ombud-logo-200x109.png 200w\" sizes=\"(max-width: 282px) 100vw, 282px\" \/><\/a><\/figure><\/div>\n\n\n<h4 class=\"wp-block-heading\" id=\"mer-om-personligt-ombud\">Mer om Personligt ombud<\/h4>\n\n\n\n<p><a href=\"http:\/\/povarmland.se\/wordpress\/om\/\">H\u00e4r<\/a> kan du l\u00e4sa mer om verksamheten <br \/>Personligt Ombud och hur du g\u00f6r f\u00f6r att f\u00e5 <br \/>kontakt med oss.<\/p>\n<\/div>\n<\/div>\n\n\n\n<div style=\"height:36px\" aria-hidden=\"true\" class=\"wp-block-spacer\"><\/div>\n\n\n\n<hr class=\"wp-block-separator has-css-opacity is-style-dots\"\/>\n","protected":false},"excerpt":{"rendered":"<p>Personligt ombud \u00e4r ett st\u00f6d f\u00f6r dig som \u00e4r \u00f6ver 18 \u00e5r och har en psykisk funktionsneds\u00e4ttning som \u00e4r omfattande och l\u00e5ngvarig.&#46;&#46;&#46;<\/p>\n","protected":false},"author":20,"featured_media":0,"parent":0,"menu_order":0,"comment_status":"closed","ping_status":"closed","template":"","meta":[],"_links":{"self":[{"href":"https:\/\/povarmland.se\/wordpress\/wp-json\/wp\/v2\/pages\/2315"}],"collection":[{"href":"https:\/\/povarmland.se\/wordpress\/wp-json\/wp\/v2\/pages"}],"about":[{"href":"https:\/\/povarmland.se\/wordpress\/wp-json\/wp\/v2\/types\/page"}],"author":[{"embeddable":true,"href":"https:\/\/povarmland.se\/wordpress\/wp-json\/wp\/v2\/users\/20"}],"replies":[{"embeddable":true,"href":"https:\/\/povarmland.se\/wordpress\/wp-json\/wp\/v2\/comments?post=2315"}],"version-history":[{"count":25,"href":"https:\/\/povarmland.se\/wordpress\/wp-json\/wp\/v2\/pages\/2315\/revisions"}],"predecessor-version":[{"id":26687,"href":"https:\/\/povarmland.se\/wordpress\/wp-json\/wp\/v2\/pages\/2315\/revisions\/26687"}],"wp:attachment":[{"href":"https:\/\/povarmland.se\/wordpress\/wp-json\/wp\/v2\/media?parent=2315"}],"curies":[{"name":"wp","href":"https:\/\/api.w.org\/{rel}","templated":true}]}}