{"id":2414,"date":"2021-11-20T04:34:37","date_gmt":"2021-11-20T03:34:37","guid":{"rendered":"http:\/\/povarmland.se\/wordpress\/?page_id=2414"},"modified":"2022-06-22T13:02:13","modified_gmt":"2022-06-22T12:02:13","slug":"tips-till-dig-som-behover-stod","status":"publish","type":"page","link":"https:\/\/povarmland.se\/wordpress\/tips-till-dig-som-behover-stod\/","title":{"rendered":"Tips till dig som behover st\u00f6d"},"content":{"rendered":"\n<div class=\"wp-block-columns is-layout-flex wp-container-4\">\n<div class=\"wp-block-column is-layout-flow\" style=\"flex-basis:100%\">\n<div class=\"wp-block-columns is-layout-flex wp-container-2\">\n<div class=\"wp-block-column is-layout-flow\">\n<h1 class=\"wp-block-heading\" id=\"h-TipstillDigsombehoverstod\">Tips till Dig som beh\u00f6ver st\u00f6d<\/h1>\n\n\n\n<p>H\u00e4r har vi samlat n\u00e5gra anv\u00e4ndbara l\u00e4nkar f\u00f6r dig som beh\u00f6ver st\u00f6d i vardagen. <\/p>\n\n\n\n<h3 class=\"wp-block-heading\">Guiden till dina r\u00e4ttigheter<\/h3>\n\n\n\n<p>Visste du att det finns en FN-konvention om r\u00e4ttigheter f\u00f6r personer med funktionsneds\u00e4ttning? Konventionen beskriver dina r\u00e4ttigheter och Sverige ska se till att dessa r\u00e4ttigheter genomf\u00f6rs. <a href=\"https:\/\/guide.funktionsrattskonventionen.se\/\" target=\"_blank\" rel=\"noreferrer noopener\">klicka h\u00e4r f\u00f6r att l\u00e4sa mer!<\/a><\/p>\n<\/div>\n<\/div>\n<\/div>\n<\/div>\n\n\n\n<div class=\"wp-block-columns is-layout-flex wp-container-7\">\n<div class=\"wp-block-column is-layout-flow\">\n<figure class=\"wp-block-image size-large is-resized\"><a href=\"http:\/\/povarmland.se\/wordpress\/?page_id=5184\"><img decoding=\"async\" loading=\"lazy\" src=\"http:\/\/povarmland.se\/wordpress\/wp-content\/uploads\/2021\/11\/Ekonomi_Svenska_Pengar_Licensfribild_Pixabay.com_.jpg\" alt=\"\" width=\"234\" height=\"155\"\/><\/a><figcaption><strong><a href=\"http:\/\/povarmland.se\/wordpress\/?page_id=5184\">Tips om Ekonomi<\/a><\/strong><br \/><br \/>H\u00e4r hittar du anv\u00e4ndbara l\u00e4nkar <br \/>n\u00e4r du beh\u00f6ver tips om din <br \/>ekonomi.<\/figcaption><\/figure>\n<\/div>\n\n\n\n<div class=\"wp-block-column is-layout-flow\">\n<figure class=\"wp-block-image size-large is-resized\"><a href=\"http:\/\/povarmland.se\/wordpress\/?page_id=5222\"><img decoding=\"async\" loading=\"lazy\" src=\"http:\/\/povarmland.se\/wordpress\/wp-content\/uploads\/2021\/11\/Bostad_Lgh_Licensfribild_Pixabay.com_.jpg\" alt=\"\" width=\"242\" height=\"160\"\/><\/a><figcaption><strong><a href=\"http:\/\/povarmland.se\/wordpress\/?page_id=5222\">Tips om Bostad<\/a><\/strong><br \/><br \/>S\u00f6ker du bostad? H\u00e4r hittar du <br \/>tips med l\u00e4nkar till hyresv\u00e4rdar <br \/>m.m. <\/figcaption><\/figure>\n<\/div>\n<\/div>\n\n\n\n<div class=\"wp-block-columns is-layout-flex wp-container-10\">\n<div class=\"wp-block-column is-layout-flow\">\n<figure class=\"wp-block-image size-full\"><a href=\"http:\/\/povarmland.se\/wordpress\/?page_id=5193\"><img decoding=\"async\" loading=\"lazy\" width=\"275\" height=\"183\" src=\"http:\/\/povarmland.se\/wordpress\/wp-content\/uploads\/2021\/11\/Arbete_Kvinna_Licensfribild_Pixabay.com_.jpg.jpg\" alt=\"\" class=\"wp-image-2451\" srcset=\"https:\/\/povarmland.se\/wordpress\/wp-content\/uploads\/2021\/11\/Arbete_Kvinna_Licensfribild_Pixabay.com_.jpg.jpg 275w, https:\/\/povarmland.se\/wordpress\/wp-content\/uploads\/2021\/11\/Arbete_Kvinna_Licensfribild_Pixabay.com_.jpg-200x133.jpg 200w\" sizes=\"(max-width: 275px) 100vw, 275px\" \/><\/a><figcaption><strong><a href=\"http:\/\/povarmland.se\/wordpress\/?page_id=5193\">Tips om Arbete &amp; Syssels\u00e4ttning<\/a><\/strong><br \/><br \/>Beh\u00f6ver du st\u00f6d i att hitta arbete <br \/>eller annan syssels\u00e4ttning? Ta del <br \/>av v\u00e5ra l\u00e4nktips h\u00e4r.<\/figcaption><\/figure>\n<\/div>\n\n\n\n<div class=\"wp-block-column is-layout-flow\">\n<figure class=\"wp-block-image size-full\"><a href=\"http:\/\/povarmland.se\/wordpress\/tips-om-vard-och-omsorg\/\"><img decoding=\"async\" loading=\"lazy\" width=\"275\" height=\"182\" src=\"http:\/\/povarmland.se\/wordpress\/wp-content\/uploads\/2021\/11\/Vard_LakareSjukhus_Licensfribild_Pixabay.com_.jpg\" alt=\"\" class=\"wp-image-2449\" srcset=\"https:\/\/povarmland.se\/wordpress\/wp-content\/uploads\/2021\/11\/Vard_LakareSjukhus_Licensfribild_Pixabay.com_.jpg 275w, https:\/\/povarmland.se\/wordpress\/wp-content\/uploads\/2021\/11\/Vard_LakareSjukhus_Licensfribild_Pixabay.com_-200x132.jpg 200w\" sizes=\"(max-width: 275px) 100vw, 275px\" \/><\/a><figcaption><strong><a href=\"http:\/\/povarmland.se\/wordpress\/tips-om-vard-och-omsorg\/\">Tips om v\u00e5rd och omsorg<\/a><\/strong><br \/><br \/>H\u00e4r hittar du information och st\u00f6d i fr\u00e5gor som r\u00f6r v\u00e5rd och omsorg.<\/figcaption><\/figure>\n<\/div>\n<\/div>\n","protected":false},"excerpt":{"rendered":"<p>Tips till Dig som beh\u00f6ver st\u00f6d H\u00e4r har vi samlat n\u00e5gra anv\u00e4ndbara l\u00e4nkar f\u00f6r dig som beh\u00f6ver st\u00f6d i vardagen. Guiden till&#46;&#46;&#46;<\/p>\n","protected":false},"author":22,"featured_media":0,"parent":0,"menu_order":0,"comment_status":"closed","ping_status":"closed","template":"","meta":[],"_links":{"self":[{"href":"https:\/\/povarmland.se\/wordpress\/wp-json\/wp\/v2\/pages\/2414"}],"collection":[{"href":"https:\/\/povarmland.se\/wordpress\/wp-json\/wp\/v2\/pages"}],"about":[{"href":"https:\/\/povarmland.se\/wordpress\/wp-json\/wp\/v2\/types\/page"}],"author":[{"embeddable":true,"href":"https:\/\/povarmland.se\/wordpress\/wp-json\/wp\/v2\/users\/22"}],"replies":[{"embeddable":true,"href":"https:\/\/povarmland.se\/wordpress\/wp-json\/wp\/v2\/comments?post=2414"}],"version-history":[{"count":15,"href":"https:\/\/povarmland.se\/wordpress\/wp-json\/wp\/v2\/pages\/2414\/revisions"}],"predecessor-version":[{"id":16418,"href":"https:\/\/povarmland.se\/wordpress\/wp-json\/wp\/v2\/pages\/2414\/revisions\/16418"}],"wp:attachment":[{"href":"https:\/\/povarmland.se\/wordpress\/wp-json\/wp\/v2\/media?parent=2414"}],"curies":[{"name":"wp","href":"https:\/\/api.w.org\/{rel}","templated":true}]}}