{"id":43,"date":"2009-10-21T14:20:22","date_gmt":"2009-10-21T12:20:22","guid":{"rendered":"http:\/\/po-varmland.se.bart.kontrollpanelen.se\/wordpress\/?page_id=43"},"modified":"2021-12-30T16:06:30","modified_gmt":"2021-12-30T15:06:30","slug":"kontakt","status":"publish","type":"page","link":"https:\/\/povarmland.se\/wordpress\/kontakt\/","title":{"rendered":"H\u00e4r finns vi"},"content":{"rendered":"\n<div class=\"wp-block-image\"><figure class=\"alignright\"><img decoding=\"async\" loading=\"lazy\" width=\"216\" height=\"300\" src=\"http:\/\/povarmland.se\/wordpress\/wp-content\/uploads\/2009\/10\/karta-216x300.jpg\" alt=\"\" class=\"wp-image-51\" srcset=\"https:\/\/povarmland.se\/wordpress\/wp-content\/uploads\/2009\/10\/karta-216x300.jpg 216w, https:\/\/povarmland.se\/wordpress\/wp-content\/uploads\/2009\/10\/karta.jpg 290w\" sizes=\"(max-width: 216px) 100vw, 216px\" \/><\/figure><\/div>\n\n\n\n<h3 class=\"wp-block-heading\">Verksamheten Personligt Ombud i V\u00e4rmland<\/h3>\n\n\n\n<p>\u00e4r en l\u00e4ns\u00f6vergripande verksamhet. Majoriteten av alla V\u00e4rml\u00e4ndska kommuner har g\u00e5tt samman i en gemensam organisation d\u00e4r Karlstad kommun \u00e4r v\u00e4rdkommun och har tagit p\u00e5 sig arbetsgivaransvaret.<\/p>\n\n\n\n<p><strong>PO V\u00e4rmland \u00e4r uppdelat i fyra omr\u00e5den och med fyra basorter<\/strong><\/p>\n\n\n\n<p><a href=\"http:\/\/povarmland.se\/wordpress\/kontakt\/centrala-distriktet-karlstadkilforshagagrums\/\">Centrala Omr\u00e5det <strong>Karlstad<\/strong><\/a><br \/><a href=\"http:\/\/povarmland.se\/personligt-ombud-i-varmland\/vastra-distriktet-arvikaarjangsaffleeda\/\">V\u00e4stra Omr\u00e5det <strong>Arvika<\/strong><\/a><br \/><a href=\"http:\/\/povarmland.se\/personligt-ombud-i-varmland\/ostra-distriktet-kristinehamnstorforsfilipstad\/\">\u00d6stra Omr\u00e5det <strong>Kristinehamn<\/strong><\/a><br \/><a href=\"http:\/\/povarmland.se\/personligt-ombud-i-varmland\/norra-distriktet-torsbyhagforsmunkforssunne\/\">Norra Omr\u00e5det <strong>Torsby<\/strong><\/a><\/p>\n","protected":false},"excerpt":{"rendered":"<p>Verksamheten Personligt Ombud i V\u00e4rmland \u00e4r en l\u00e4ns\u00f6vergripande verksamhet. Majoriteten av alla V\u00e4rml\u00e4ndska kommuner har g\u00e5tt samman i en gemensam organisation d\u00e4r&#46;&#46;&#46;<\/p>\n","protected":false},"author":1,"featured_media":0,"parent":0,"menu_order":0,"comment_status":"closed","ping_status":"open","template":"","meta":[],"_links":{"self":[{"href":"https:\/\/povarmland.se\/wordpress\/wp-json\/wp\/v2\/pages\/43"}],"collection":[{"href":"https:\/\/povarmland.se\/wordpress\/wp-json\/wp\/v2\/pages"}],"about":[{"href":"https:\/\/povarmland.se\/wordpress\/wp-json\/wp\/v2\/types\/page"}],"author":[{"embeddable":true,"href":"https:\/\/povarmland.se\/wordpress\/wp-json\/wp\/v2\/users\/1"}],"replies":[{"embeddable":true,"href":"https:\/\/povarmland.se\/wordpress\/wp-json\/wp\/v2\/comments?post=43"}],"version-history":[{"count":19,"href":"https:\/\/povarmland.se\/wordpress\/wp-json\/wp\/v2\/pages\/43\/revisions"}],"predecessor-version":[{"id":26644,"href":"https:\/\/povarmland.se\/wordpress\/wp-json\/wp\/v2\/pages\/43\/revisions\/26644"}],"wp:attachment":[{"href":"https:\/\/povarmland.se\/wordpress\/wp-json\/wp\/v2\/media?parent=43"}],"curies":[{"name":"wp","href":"https:\/\/api.w.org\/{rel}","templated":true}]}}