{"id":5221,"date":"2021-12-22T10:50:14","date_gmt":"2021-12-22T09:50:14","guid":{"rendered":"http:\/\/povarmland.se\/wordpress\/?page_id=5221"},"modified":"2025-03-21T10:42:04","modified_gmt":"2025-03-21T09:42:04","slug":"tips-om-vard-och-omsorg","status":"publish","type":"page","link":"https:\/\/povarmland.se\/wordpress\/tips-om-vard-och-omsorg\/","title":{"rendered":"Tips om V\u00e5rd och omsorg"},"content":{"rendered":"\n<p>H\u00e4r finner du bland annat l\u00e4nkar till 1177 och psykiatriska \u00f6ppenv\u00e5rdsmottagningar i V\u00e4rmland och om du vill lista dig p\u00e5 n\u00e5gon speciell v\u00e5rdcentral.<\/p>\n\n\n\n<p>Du hittar \u00e4ven information om v\u00e5rdgarantin och egen v\u00e5rdbeg\u00e4ran, samt tandv\u00e5rdsst\u00f6d. Dessutom kan vi tipsa om intressef\u00f6reningar f\u00f6r dig som vill tr\u00e4ffa andra som \u00e4r i liknande situation som dig.<\/p>\n\n\n\n<ul>\n<li><strong><a href=\"https:\/\/www.1177.se\/Varmland\/liv--halsa\/psykisk-halsa\/att-soka-stod-och-hjalp\/sok-psykiatrisk-vard-i-region-varmland\/\">St\u00f6d vid psykisk oh\u00e4lsa f\u00f6r vuxna i Region V\u00e4rmland<\/a><\/strong><\/li>\n<\/ul>\n\n\n\n<ul>\n<li><strong><a href=\"https:\/\/www.regionvarmland.se\/vardgivarwebben\/samverkan-avtal-och-vardval\/vardval\/vardval-vardcentral\">V\u00e4lja v\u00e5rdcentral i V\u00e4rmland<\/a><br \/><\/strong><\/li>\n<\/ul>\n\n\n\n<ul>\n<li><strong><a href=\"https:\/\/www.1177.se\/Varmland\/sa-fungerar-varden\/lagar-och-bestammelser\/vardgaranti\/\">V\u00e5rdgaranti<\/a><br \/><\/strong><\/li>\n<\/ul>\n\n\n\n<ul>\n<li><strong><a href=\"https:\/\/www.1177.se\/Varmland\/sa-fungerar-varden\/att-valja-vardmottagning\/egen-vardbegaran\/\">Egen v\u00e5rdbeg\u00e4ran<\/a><br \/><\/strong><\/li>\n<\/ul>\n\n\n\n<ul>\n<li><strong><a href=\"https:\/\/www.1177.se\/Varmland\/sa-fungerar-varden\/kostnader-och-ersattningar\/kostnader-och-ersattningar-inom-tandvard\/tandvard-om-du-har-en-funktionsnedsattning\/\">Tandv\u00e5rd om du har en funktionsneds\u00e4ttning<\/a><br \/><\/strong><\/li>\n<\/ul>\n\n\n\n<ul>\n<li><strong><a href=\"https:\/\/www.1177.se\/Varmland\/liv--halsa\/psykisk-halsa\/att-soka-stod-och-hjalp\/\">Att s\u00f6ka st\u00f6d och hj\u00e4lp<\/a><br \/><\/strong><\/li>\n<\/ul>\n\n\n\n<p><strong><a href=\"https:\/\/www.1177.se\/Varmland\/liv--halsa\/psykisk-halsa\/att-soka-stod-och-hjalp\/patientforeningar-och-narstaendeforeningar-vid-psykisk-ohalsa-och-beroende\/\">Patientf\u00f6reningar och n\u00e4rst\u00e5endef\u00f6reningar vid psykisk oh\u00e4lsa och beroende.<br \/>H\u00e4r f\u00e5r du en lista med f\u00f6reningar och organisationer som ger st\u00f6d i hela landet genom exempelvis information och st\u00f6dsamtal. Du kan komma i kontakt med andra som har liknande erfarenheter eller sv\u00e5righeter som du sj\u00e4lv. Du beh\u00f6ver inte vara medlem f\u00f6r att ta kontakt.<\/a><br \/><\/strong><\/p>\n","protected":false},"excerpt":{"rendered":"<p>H\u00e4r finner du bland annat l\u00e4nkar till 1177 och psykiatriska \u00f6ppenv\u00e5rdsmottagningar i V\u00e4rmland och om du vill lista dig p\u00e5 n\u00e5gon speciell&#46;&#46;&#46;<\/p>\n","protected":false},"author":22,"featured_media":0,"parent":0,"menu_order":0,"comment_status":"closed","ping_status":"closed","template":"","meta":[],"_links":{"self":[{"href":"https:\/\/povarmland.se\/wordpress\/wp-json\/wp\/v2\/pages\/5221"}],"collection":[{"href":"https:\/\/povarmland.se\/wordpress\/wp-json\/wp\/v2\/pages"}],"about":[{"href":"https:\/\/povarmland.se\/wordpress\/wp-json\/wp\/v2\/types\/page"}],"author":[{"embeddable":true,"href":"https:\/\/povarmland.se\/wordpress\/wp-json\/wp\/v2\/users\/22"}],"replies":[{"embeddable":true,"href":"https:\/\/povarmland.se\/wordpress\/wp-json\/wp\/v2\/comments?post=5221"}],"version-history":[{"count":4,"href":"https:\/\/povarmland.se\/wordpress\/wp-json\/wp\/v2\/pages\/5221\/revisions"}],"predecessor-version":[{"id":26689,"href":"https:\/\/povarmland.se\/wordpress\/wp-json\/wp\/v2\/pages\/5221\/revisions\/26689"}],"wp:attachment":[{"href":"https:\/\/povarmland.se\/wordpress\/wp-json\/wp\/v2\/media?parent=5221"}],"curies":[{"name":"wp","href":"https:\/\/api.w.org\/{rel}","templated":true}]}}