{"id":676,"date":"2014-03-21T14:36:28","date_gmt":"2014-03-21T12:36:28","guid":{"rendered":"http:\/\/povarmland.se.preview.binero.se\/wordpress\/?page_id=676"},"modified":"2014-03-21T15:02:13","modified_gmt":"2014-03-21T13:02:13","slug":"suomalainen","status":"publish","type":"page","link":"https:\/\/povarmland.se\/wordpress\/personligt-ombud-pa-andra-sprak-2\/suomalainen\/","title":{"rendered":"Suomalainen (Finska)"},"content":{"rendered":"<p>Saatko tarvitsemasi tuen yhteiskunnalta?<\/p>\n<p>Henkil\u00f6kohtainen asiamies tukee henkil\u00f6it\u00e4, joilla on pitk\u00e4aikainen psyykkinen toiminnanvajavuus, suuria vaikeuksia jokap\u00e4iv\u00e4isess\u00e4 el\u00e4m\u00e4ss\u00e4\u00e4n ja yhdistetyn hoidon, tuen ja palvelujen tarve yhteiskunnalta.<\/p>\n<p>Henkil\u00f6kohtaisen asiamiehen teht\u00e4v\u00e4n\u00e4 on tukea tarvitsijaa, jotta t\u00e4m\u00e4 saa yhteiskunnalta tarvitsemansa avun. Henkil\u00f6, joka jo saa apua, tarvitsee ehk\u00e4 sit\u00e4 enemm\u00e4n tai h\u00e4n ei ole tyytyv\u00e4inen palvelujen toimintaan. T\u00e4ll\u00f6in voimme auttaa avun hankinnassa.<\/p>\n<p>Henkil\u00f6kohtainen asiamies auttaa henkil\u00f6\u00e4 kartoittamaan yhteiskunnalta tarvitsemansa avun. Teemme yhdess\u00e4 ty\u00f6suunnitelman tarvittavan avun hankkimisesta.<\/p>\n<p>Henkil\u00f6kohtaisen asiamiehen apu on m\u00e4\u00e4r\u00e4aikaista, eik\u00e4 siihen ole laillista oikeutta. T\u00e4m\u00e4 merkitsee sit\u00e4, ett\u00e4 voimme kielt\u00e4yty\u00e4 henkil\u00f6n esitt\u00e4m\u00e4st\u00e4 toimeksiannosta.<\/p>\n<p>Henkil\u00f6kohtainen asiamies ei ole mink\u00e4\u00e4n viranomaisen alainen. Meill\u00e4 on vaitiolovelvollisuus. Dokumentit palautetaan avun tarvitsijalle tai ne h\u00e4vitet\u00e4\u00e4n yhteydenpidon p\u00e4\u00e4ttyess\u00e4. Yhteydenpito meihin on maksutonta.<\/p>\n<p>Miten meihin saa yhteyden?<\/p>\n<p>Meille voi soittaa tai kirjoittaa itse. Yhteydenotossa voi my\u00f6s k\u00e4ytt\u00e4\u00e4 apuna omaista, yst\u00e4v\u00e4\u00e4 tai henkil\u00f6st\u00f6\u00e4.<\/p>\n","protected":false},"excerpt":{"rendered":"<p>Saatko tarvitsemasi tuen yhteiskunnalta? Henkil\u00f6kohtainen asiamies tukee henkil\u00f6it\u00e4, joilla on pitk\u00e4aikainen psyykkinen toiminnanvajavuus, suuria vaikeuksia jokap\u00e4iv\u00e4isess\u00e4 el\u00e4m\u00e4ss\u00e4\u00e4n ja yhdistetyn hoidon, tuen ja&#46;&#46;&#46;<\/p>\n","protected":false},"author":20,"featured_media":0,"parent":668,"menu_order":0,"comment_status":"closed","ping_status":"closed","template":"","meta":[],"_links":{"self":[{"href":"https:\/\/povarmland.se\/wordpress\/wp-json\/wp\/v2\/pages\/676"}],"collection":[{"href":"https:\/\/povarmland.se\/wordpress\/wp-json\/wp\/v2\/pages"}],"about":[{"href":"https:\/\/povarmland.se\/wordpress\/wp-json\/wp\/v2\/types\/page"}],"author":[{"embeddable":true,"href":"https:\/\/povarmland.se\/wordpress\/wp-json\/wp\/v2\/users\/20"}],"replies":[{"embeddable":true,"href":"https:\/\/povarmland.se\/wordpress\/wp-json\/wp\/v2\/comments?post=676"}],"version-history":[{"count":2,"href":"https:\/\/povarmland.se\/wordpress\/wp-json\/wp\/v2\/pages\/676\/revisions"}],"predecessor-version":[{"id":701,"href":"https:\/\/povarmland.se\/wordpress\/wp-json\/wp\/v2\/pages\/676\/revisions\/701"}],"up":[{"embeddable":true,"href":"https:\/\/povarmland.se\/wordpress\/wp-json\/wp\/v2\/pages\/668"}],"wp:attachment":[{"href":"https:\/\/povarmland.se\/wordpress\/wp-json\/wp\/v2\/media?parent=676"}],"curies":[{"name":"wp","href":"https:\/\/api.w.org\/{rel}","templated":true}]}}